{"id":69,"date":"2023-06-26T16:55:50","date_gmt":"2023-06-26T16:55:50","guid":{"rendered":"https:\/\/www.ristorantesalo.it\/about\/"},"modified":"2025-03-28T16:14:35","modified_gmt":"2025-03-28T16:14:35","slug":"about","status":"publish","type":"page","link":"https:\/\/www.ristorantepapillon.it\/en\/about\/","title":{"rendered":"About"},"content":{"rendered":"\t\t<div data-elementor-type=\"wp-page\" data-elementor-id=\"69\" class=\"elementor elementor-69\" data-elementor-post-type=\"page\">\n\t\t\t\t<div class=\"elementor-element elementor-element-0aeb44e e-flex e-con-boxed e-con e-parent\" data-id=\"0aeb44e\" data-element_type=\"container\" data-e-type=\"container\">\n\t\t\t\t\t<div class=\"e-con-inner\">\n\t\t\t\t<div class=\"elementor-element elementor-element-9e33280 elementor-widget elementor-widget-heading\" data-id=\"9e33280\" data-element_type=\"widget\" data-e-type=\"widget\" data-widget_type=\"heading.default\">\n\t\t\t\t<div class=\"elementor-widget-container\">\n\t\t\t\t\t<h3 class=\"elementor-heading-title elementor-size-default\">Una storia che inizia 40 anni fa<\/h3>\t\t\t\t<\/div>\n\t\t\t\t<\/div>\n\t\t\t\t<div class=\"elementor-element elementor-element-ecc7ecb elementor-widget elementor-widget-heading\" data-id=\"ecc7ecb\" data-element_type=\"widget\" data-e-type=\"widget\" data-widget_type=\"heading.default\">\n\t\t\t\t<div class=\"elementor-widget-container\">\n\t\t\t\t\t<h2 class=\"elementor-heading-title elementor-size-default\">ristorante papillon<\/h2>\t\t\t\t<\/div>\n\t\t\t\t<\/div>\n\t\t\t\t\t<\/div>\n\t\t\t\t<\/div>\n\t\t<div class=\"elementor-element elementor-element-aa80a9a e-con-full e-flex e-con e-parent\" data-id=\"aa80a9a\" data-element_type=\"container\" data-e-type=\"container\">\n\t\t<div class=\"elementor-element elementor-element-7bfbccc e-con-full e-flex e-con e-child\" data-id=\"7bfbccc\" data-element_type=\"container\" data-e-type=\"container\">\n\t\t\t\t<div class=\"elementor-element elementor-element-73f9d94 elementor-widget elementor-widget-heading\" data-id=\"73f9d94\" data-element_type=\"widget\" data-e-type=\"widget\" data-widget_type=\"heading.default\">\n\t\t\t\t<div class=\"elementor-widget-container\">\n\t\t\t\t\t<h3 class=\"elementor-heading-title elementor-size-default\">Il locale<\/h3>\t\t\t\t<\/div>\n\t\t\t\t<\/div>\n\t\t\t\t<div class=\"elementor-element elementor-element-18bc5c2 elementor-widget__width-initial elementor-widget elementor-widget-heading\" data-id=\"18bc5c2\" data-element_type=\"widget\" data-e-type=\"widget\" data-widget_type=\"heading.default\">\n\t\t\t\t<div class=\"elementor-widget-container\">\n\t\t\t\t\t<h2 class=\"elementor-heading-title elementor-size-default\">nel cuore di salo'<\/h2>\t\t\t\t<\/div>\n\t\t\t\t<\/div>\n\t\t\t\t<div class=\"elementor-element elementor-element-461d125 elementor-widget elementor-widget-text-editor\" data-id=\"461d125\" data-element_type=\"widget\" data-e-type=\"widget\" data-widget_type=\"text-editor.default\">\n\t\t\t\t<div class=\"elementor-widget-container\">\n\t\t\t\t\t\t\t\t\t<p>Situato nell&#8217;incantevole cornice di un palazzo settecentesco nel cuore di Sal\u00f2, questo ristorante \u00e8 una meta imperdibile per gli amanti della buona cucina e della bellezza. A due passi dal centro storico e dalle principali attrazioni turistiche, il nostro ristorante \u00e8 l&#8217;ideale per chi vuole rilassarsi dopo una passeggiata sul lungolago.<\/p><p>Il ristorante dispone di tre diverse sale, ciascuna con una propria atmosfera e capacit\u00e0. La terrazza a lago, con i suoi circa 80 posti a sedere, offre un panorama mozzafiato sul lago, immersa nel suono delle onde che dolcemente lambiscono la riva. Pranzerai godendoti fresco vento del lago e il profumo inebriante della natura circostante.<\/p><p>La sala interna principale, con circa 70 posti, \u00e8 l&#8217;ideale per coloro che desiderano un&#8217;atmosfera pi\u00f9 intima.<\/p><p>Infine, la sala interna pi\u00f9 piccola, con 30 posti, offre un&#8217;esperienza culinaria pi\u00f9 riservata, perfetta per piccoli eventi o cene private. Qui, si pu\u00f2 sentire il suono delicato delle posate che si posano sui piatti e il profumo dei piatti appena preparati che riempie l&#8217;aria, creando un&#8217;atmosfera accogliente e intima.<\/p>\t\t\t\t\t\t\t\t<\/div>\n\t\t\t\t<\/div>\n\t\t\t\t<\/div>\n\t\t<div class=\"elementor-element elementor-element-298b62e e-con-full e-flex e-con e-child\" data-id=\"298b62e\" data-element_type=\"container\" data-e-type=\"container\">\n\t\t\t\t<div class=\"elementor-element elementor-element-e86d970 elementor-widget elementor-widget-image\" data-id=\"e86d970\" data-element_type=\"widget\" data-e-type=\"widget\" data-settings=\"{&quot;motion_fx_motion_fx_scrolling&quot;:&quot;yes&quot;,&quot;motion_fx_translateY_effect&quot;:&quot;yes&quot;,&quot;motion_fx_translateY_direction&quot;:&quot;negative&quot;,&quot;motion_fx_translateY_speed&quot;:{&quot;unit&quot;:&quot;px&quot;,&quot;size&quot;:&quot;1&quot;,&quot;sizes&quot;:[]},&quot;motion_fx_devices&quot;:[&quot;desktop&quot;,&quot;tablet&quot;],&quot;motion_fx_translateY_affectedRange&quot;:{&quot;unit&quot;:&quot;%&quot;,&quot;size&quot;:&quot;&quot;,&quot;sizes&quot;:{&quot;start&quot;:0,&quot;end&quot;:100}}}\" data-widget_type=\"image.default\">\n\t\t\t\t<div class=\"elementor-widget-container\">\n\t\t\t\t\t\t\t\t\t\t\t\t\t\t\t<img fetchpriority=\"high\" decoding=\"async\" width=\"799\" height=\"1031\" src=\"https:\/\/www.ristorantepapillon.it\/wp-content\/uploads\/2023\/07\/cosa-ci-contraddistingue-1.webp\" class=\"attachment-full size-full wp-image-429\" alt=\"\" srcset=\"https:\/\/www.ristorantepapillon.it\/wp-content\/uploads\/2023\/07\/cosa-ci-contraddistingue-1.webp 799w, https:\/\/www.ristorantepapillon.it\/wp-content\/uploads\/2023\/07\/cosa-ci-contraddistingue-1-232x300.webp 232w, https:\/\/www.ristorantepapillon.it\/wp-content\/uploads\/2023\/07\/cosa-ci-contraddistingue-1-794x1024.webp 794w, https:\/\/www.ristorantepapillon.it\/wp-content\/uploads\/2023\/07\/cosa-ci-contraddistingue-1-768x991.webp 768w\" sizes=\"(max-width: 799px) 100vw, 799px\" \/>\t\t\t\t\t\t\t\t\t\t\t\t\t\t\t<\/div>\n\t\t\t\t<\/div>\n\t\t\t\t<\/div>\n\t\t<div class=\"elementor-element elementor-element-ec54fe5 e-con-full e-flex e-con e-child\" data-id=\"ec54fe5\" data-element_type=\"container\" data-e-type=\"container\">\n\t\t\t\t<div class=\"elementor-element elementor-element-ba8a537 elementor-widget elementor-widget-image\" data-id=\"ba8a537\" data-element_type=\"widget\" data-e-type=\"widget\" data-settings=\"{&quot;motion_fx_motion_fx_scrolling&quot;:&quot;yes&quot;,&quot;motion_fx_translateY_effect&quot;:&quot;yes&quot;,&quot;motion_fx_translateY_speed&quot;:{&quot;unit&quot;:&quot;px&quot;,&quot;size&quot;:&quot;1&quot;,&quot;sizes&quot;:[]},&quot;motion_fx_devices&quot;:[&quot;desktop&quot;,&quot;tablet&quot;],&quot;motion_fx_translateY_affectedRange&quot;:{&quot;unit&quot;:&quot;%&quot;,&quot;size&quot;:&quot;&quot;,&quot;sizes&quot;:{&quot;start&quot;:0,&quot;end&quot;:100}}}\" data-widget_type=\"image.default\">\n\t\t\t\t<div class=\"elementor-widget-container\">\n\t\t\t\t\t\t\t\t\t\t\t\t\t\t\t<img decoding=\"async\" width=\"799\" height=\"1031\" src=\"https:\/\/www.ristorantepapillon.it\/wp-content\/uploads\/2023\/07\/cosa-ci-contraddistingue-2.png\" class=\"attachment-full size-full wp-image-539\" alt=\"\" srcset=\"https:\/\/www.ristorantepapillon.it\/wp-content\/uploads\/2023\/07\/cosa-ci-contraddistingue-2.png 799w, https:\/\/www.ristorantepapillon.it\/wp-content\/uploads\/2023\/07\/cosa-ci-contraddistingue-2-232x300.png 232w, https:\/\/www.ristorantepapillon.it\/wp-content\/uploads\/2023\/07\/cosa-ci-contraddistingue-2-794x1024.png 794w, https:\/\/www.ristorantepapillon.it\/wp-content\/uploads\/2023\/07\/cosa-ci-contraddistingue-2-768x991.png 768w\" sizes=\"(max-width: 799px) 100vw, 799px\" \/>\t\t\t\t\t\t\t\t\t\t\t\t\t\t\t<\/div>\n\t\t\t\t<\/div>\n\t\t\t\t<\/div>\n\t\t\t\t<\/div>\n\t\t<div class=\"elementor-element elementor-element-01391b3 e-con-full e-flex e-con e-parent\" data-id=\"01391b3\" data-element_type=\"container\" data-e-type=\"container\">\n\t\t<div class=\"elementor-element elementor-element-2b87d72 e-con-full e-flex e-con e-child\" data-id=\"2b87d72\" data-element_type=\"container\" data-e-type=\"container\">\n\t\t\t\t<div class=\"elementor-element elementor-element-d197f32 elementor-widget elementor-widget-image\" data-id=\"d197f32\" data-element_type=\"widget\" data-e-type=\"widget\" data-widget_type=\"image.default\">\n\t\t\t\t<div class=\"elementor-widget-container\">\n\t\t\t\t\t\t\t\t\t\t\t\t\t\t\t<img decoding=\"async\" width=\"800\" height=\"800\" src=\"https:\/\/www.ristorantepapillon.it\/wp-content\/uploads\/2023\/06\/Progetto-senza-titolo-5-1-1024x1024.jpg\" class=\"attachment-large size-large wp-image-339\" alt=\"\" srcset=\"https:\/\/www.ristorantepapillon.it\/wp-content\/uploads\/2023\/06\/Progetto-senza-titolo-5-1-1024x1024.jpg 1024w, https:\/\/www.ristorantepapillon.it\/wp-content\/uploads\/2023\/06\/Progetto-senza-titolo-5-1-300x300.jpg 300w, https:\/\/www.ristorantepapillon.it\/wp-content\/uploads\/2023\/06\/Progetto-senza-titolo-5-1-150x150.jpg 150w, https:\/\/www.ristorantepapillon.it\/wp-content\/uploads\/2023\/06\/Progetto-senza-titolo-5-1-768x768.jpg 768w, https:\/\/www.ristorantepapillon.it\/wp-content\/uploads\/2023\/06\/Progetto-senza-titolo-5-1-1536x1536.jpg 1536w, https:\/\/www.ristorantepapillon.it\/wp-content\/uploads\/2023\/06\/Progetto-senza-titolo-5-1.jpg 2025w\" sizes=\"(max-width: 800px) 100vw, 800px\" \/>\t\t\t\t\t\t\t\t\t\t\t\t\t\t\t<\/div>\n\t\t\t\t<\/div>\n\t\t\t\t<\/div>\n\t\t<div class=\"elementor-element elementor-element-2e0e920 e-con-full e-flex e-con e-child\" data-id=\"2e0e920\" data-element_type=\"container\" data-e-type=\"container\">\n\t\t<div class=\"elementor-element elementor-element-4ec462f e-con-full e-flex e-con e-child\" data-id=\"4ec462f\" data-element_type=\"container\" data-e-type=\"container\">\n\t\t\t\t<div class=\"elementor-element elementor-element-5ceec91 elementor-widget elementor-widget-heading\" data-id=\"5ceec91\" data-element_type=\"widget\" data-e-type=\"widget\" data-widget_type=\"heading.default\">\n\t\t\t\t<div class=\"elementor-widget-container\">\n\t\t\t\t\t<h4 class=\"elementor-heading-title elementor-size-default\">un men\u00f9 ampio, per tutti i gusti<\/h4>\t\t\t\t<\/div>\n\t\t\t\t<\/div>\n\t\t\t\t<div class=\"elementor-element elementor-element-77ed8cc elementor-widget elementor-widget-text-editor\" data-id=\"77ed8cc\" data-element_type=\"widget\" data-e-type=\"widget\" data-widget_type=\"text-editor.default\">\n\t\t\t\t<div class=\"elementor-widget-container\">\n\t\t\t\t\t\t\t\t\t<p>Caro amico turista, siamo sicuri che troverai il tuo piatto preferito nel nostro vasto men\u00f9. Offriamo una variet\u00e0 di prelibatezze culinarie per soddisfare qualsiasi palato, da piatti a base di pesce fresco, a ricette di carne succulenta, fino alla classica pizza italiana.<\/p>\t\t\t\t\t\t\t\t<\/div>\n\t\t\t\t<\/div>\n\t\t\t\t<div class=\"elementor-element elementor-element-252ca81 elementor-widget-divider--view-line elementor-widget elementor-widget-divider\" data-id=\"252ca81\" data-element_type=\"widget\" data-e-type=\"widget\" data-widget_type=\"divider.default\">\n\t\t\t\t<div class=\"elementor-widget-container\">\n\t\t\t\t\t\t\t<div class=\"elementor-divider\">\n\t\t\t<span class=\"elementor-divider-separator\">\n\t\t\t\t\t\t<\/span>\n\t\t<\/div>\n\t\t\t\t\t\t<\/div>\n\t\t\t\t<\/div>\n\t\t\t\t<div class=\"elementor-element elementor-element-f77e214 elementor-widget elementor-widget-heading\" data-id=\"f77e214\" data-element_type=\"widget\" data-e-type=\"widget\" data-widget_type=\"heading.default\">\n\t\t\t\t<div class=\"elementor-widget-container\">\n\t\t\t\t\t<h4 class=\"elementor-heading-title elementor-size-default\">pesce fresco ogni giorno<\/h4>\t\t\t\t<\/div>\n\t\t\t\t<\/div>\n\t\t\t\t<div class=\"elementor-element elementor-element-c75ae02 elementor-widget elementor-widget-text-editor\" data-id=\"c75ae02\" data-element_type=\"widget\" data-e-type=\"widget\" data-widget_type=\"text-editor.default\">\n\t\t\t\t<div class=\"elementor-widget-container\">\n\t\t\t\t\t\t\t\t\t<p>Niente pu\u00f2 battere il sapore del pesce fresco, e lo sappiamo. Perci\u00f2, ogni giorno ci impegniamo a procurarci il pesce pi\u00f9 fresco disponibile. Quando ordini un piatto a base di pesce nel nostro ristorante, puoi essere sicuro che stai mangiando prodotti del mare pescati nel giorno. Il pesce viene preparato con cura e abilit\u00e0 dai nostri chef esperti, garantendo un gusto autentico e un&#8217;esperienza culinaria indimenticabile.<\/p>\t\t\t\t\t\t\t\t<\/div>\n\t\t\t\t<\/div>\n\t\t\t\t<div class=\"elementor-element elementor-element-8719f96 elementor-widget-divider--view-line elementor-widget elementor-widget-divider\" data-id=\"8719f96\" data-element_type=\"widget\" data-e-type=\"widget\" data-widget_type=\"divider.default\">\n\t\t\t\t<div class=\"elementor-widget-container\">\n\t\t\t\t\t\t\t<div class=\"elementor-divider\">\n\t\t\t<span class=\"elementor-divider-separator\">\n\t\t\t\t\t\t<\/span>\n\t\t<\/div>\n\t\t\t\t\t\t<\/div>\n\t\t\t\t<\/div>\n\t\t\t\t<div class=\"elementor-element elementor-element-d037772 elementor-widget elementor-widget-heading\" data-id=\"d037772\" data-element_type=\"widget\" data-e-type=\"widget\" data-widget_type=\"heading.default\">\n\t\t\t\t<div class=\"elementor-widget-container\">\n\t\t\t\t\t<h4 class=\"elementor-heading-title elementor-size-default\">OFFRIAMO ANCHE PIATTI SENZA GLUTINE SU RICHIESTA<\/h4>\t\t\t\t<\/div>\n\t\t\t\t<\/div>\n\t\t\t\t<\/div>\n\t\t\t\t<\/div>\n\t\t\t\t<\/div>\n\t\t<div class=\"elementor-element elementor-element-d8531d1 e-con-full e-flex e-con e-parent\" data-id=\"d8531d1\" data-element_type=\"container\" data-e-type=\"container\">\n\t\t<div class=\"elementor-element elementor-element-5acfe80 e-con-full e-flex e-con e-child\" data-id=\"5acfe80\" data-element_type=\"container\" data-e-type=\"container\">\n\t\t\t\t<div class=\"elementor-element elementor-element-c96a198 elementor-widget elementor-widget-heading\" data-id=\"c96a198\" data-element_type=\"widget\" data-e-type=\"widget\" data-widget_type=\"heading.default\">\n\t\t\t\t<div class=\"elementor-widget-container\">\n\t\t\t\t\t<h3 class=\"elementor-heading-title elementor-size-default\">Dove ci trovi<\/h3>\t\t\t\t<\/div>\n\t\t\t\t<\/div>\n\t\t\t\t<div class=\"elementor-element elementor-element-e2a1261 elementor-widget elementor-widget-heading\" data-id=\"e2a1261\" data-element_type=\"widget\" data-e-type=\"widget\" data-widget_type=\"heading.default\">\n\t\t\t\t<div class=\"elementor-widget-container\">\n\t\t\t\t\t<h2 class=\"elementor-heading-title elementor-size-default\">I nostri contatti<\/h2>\t\t\t\t<\/div>\n\t\t\t\t<\/div>\n\t\t\t\t<div class=\"elementor-element elementor-element-36a0503 elementor-widget elementor-widget-text-editor\" data-id=\"36a0503\" data-element_type=\"widget\" data-e-type=\"widget\" data-widget_type=\"text-editor.default\">\n\t\t\t\t<div class=\"elementor-widget-container\">\n\t\t\t\t\t\t\t\t\t<p><strong>Indirizzo<\/strong>: Lungolago Zanardelli 69, Sal\u00f2<\/p><p><b>Orari<\/b>: dal Marted\u00ec alla Domenica dalle 12:30 alle 22:30<br \/>Luned\u00ec chiuso<\/p><p><b>Telefono<\/b>: 0365 41 429<\/p>\t\t\t\t\t\t\t\t<\/div>\n\t\t\t\t<\/div>\n\t\t\t\t<\/div>\n\t\t<div class=\"elementor-element elementor-element-67dec3c e-con-full e-flex e-con e-child\" data-id=\"67dec3c\" data-element_type=\"container\" data-e-type=\"container\">\n\t\t\t\t<div class=\"elementor-element elementor-element-d638abc elementor-widget elementor-widget-heading\" data-id=\"d638abc\" data-element_type=\"widget\" data-e-type=\"widget\" data-widget_type=\"heading.default\">\n\t\t\t\t<div class=\"elementor-widget-container\">\n\t\t\t\t\t<h2 class=\"elementor-heading-title elementor-size-default\">prenota il tuo tavolo<\/h2>\t\t\t\t<\/div>\n\t\t\t\t<\/div>\n\t\t\t\t<div class=\"elementor-element elementor-element-e973351 elementor-button-align-end elementor-widget elementor-widget-form\" data-id=\"e973351\" data-element_type=\"widget\" data-e-type=\"widget\" data-settings=\"{&quot;step_next_label&quot;:&quot;Next&quot;,&quot;step_previous_label&quot;:&quot;Previous&quot;,&quot;step_type&quot;:&quot;number_text&quot;,&quot;step_icon_shape&quot;:&quot;circle&quot;}\" data-widget_type=\"form.default\">\n\t\t\t\t<div class=\"elementor-widget-container\">\n\t\t\t\t\t\t\t<form class=\"elementor-form\" method=\"post\" name=\"New Form\" aria-label=\"New Form\">\n\t\t\t<input type=\"hidden\" name=\"post_id\" value=\"69\"\/>\n\t\t\t<input type=\"hidden\" name=\"form_id\" value=\"e973351\"\/>\n\t\t\t<input type=\"hidden\" name=\"referer_title\" value=\"\" \/>\n\n\t\t\t\n\t\t\t<div class=\"elementor-form-fields-wrapper elementor-labels-above\">\n\t\t\t\t\t\t\t\t<div class=\"elementor-field-type-text elementor-field-group elementor-column elementor-field-group-name elementor-col-50 elementor-field-required\">\n\t\t\t\t\t\t\t\t\t\t\t\t<label for=\"form-field-name\" class=\"elementor-field-label\">\n\t\t\t\t\t\t\t\tNome\t\t\t\t\t\t\t<\/label>\n\t\t\t\t\t\t\t\t\t\t\t\t\t\t<input size=\"1\" type=\"text\" name=\"form_fields[name]\" id=\"form-field-name\" class=\"elementor-field elementor-size-sm  elementor-field-textual\" placeholder=\"Nome\" required=\"required\">\n\t\t\t\t\t\t\t\t\t\t\t<\/div>\n\t\t\t\t\t\t\t\t<div class=\"elementor-field-type-text elementor-field-group elementor-column elementor-field-group-field_3 elementor-col-50 elementor-field-required\">\n\t\t\t\t\t\t\t\t\t\t\t\t<label for=\"form-field-field_3\" class=\"elementor-field-label\">\n\t\t\t\t\t\t\t\tCognome\t\t\t\t\t\t\t<\/label>\n\t\t\t\t\t\t\t\t\t\t\t\t\t\t<input size=\"1\" type=\"text\" name=\"form_fields[field_3]\" id=\"form-field-field_3\" class=\"elementor-field elementor-size-sm  elementor-field-textual\" placeholder=\"Cognome\" required=\"required\">\n\t\t\t\t\t\t\t\t\t\t\t<\/div>\n\t\t\t\t\t\t\t\t<div class=\"elementor-field-type-tel elementor-field-group elementor-column elementor-field-group-field_2 elementor-col-50 elementor-field-required\">\n\t\t\t\t\t\t\t\t\t\t\t\t<label for=\"form-field-field_2\" class=\"elementor-field-label\">\n\t\t\t\t\t\t\t\tTelefono\t\t\t\t\t\t\t<\/label>\n\t\t\t\t\t\t<span class=\"ccfef-editor-intl-input\" data-id=\"form-field-field_2\" data-field-id=\"b778188\" data-default-country=\"it\" data-include-countries=\"\" data-exclude-countries=\"\" data-dial-code-visibility=\"show\" data-strict-mode=\"no\" style=\"display: none;\"><\/span>\t\t<input size=\"1\" type=\"tel\" name=\"form_fields[field_2]\" id=\"form-field-field_2\" class=\"elementor-field elementor-size-sm  elementor-field-textual\" placeholder=\"Telefono\" required=\"required\" pattern=\"[0-9()#&amp;+*-=.]+\" title=\"Only numbers and phone characters (#, -, *, etc) are accepted.\">\n\n\t\t\t\t\t\t<\/div>\n\t\t\t\t\t\t\t\t<div class=\"elementor-field-type-email elementor-field-group elementor-column elementor-field-group-field_1 elementor-col-50 elementor-field-required\">\n\t\t\t\t\t\t\t\t\t\t\t\t<label for=\"form-field-field_1\" class=\"elementor-field-label\">\n\t\t\t\t\t\t\t\tEmail\t\t\t\t\t\t\t<\/label>\n\t\t\t\t\t\t\t\t\t\t\t\t\t\t<input size=\"1\" type=\"email\" name=\"form_fields[field_1]\" id=\"form-field-field_1\" class=\"elementor-field elementor-size-sm  elementor-field-textual\" placeholder=\"Email\" required=\"required\">\n\t\t\t\t\t\t\t\t\t\t\t<\/div>\n\t\t\t\t\t\t\t\t<div class=\"elementor-field-type-number elementor-field-group elementor-column elementor-field-group-field_c4e9840 elementor-col-50 elementor-field-required\">\n\t\t\t\t\t\t\t\t\t\t\t\t<label for=\"form-field-field_c4e9840\" class=\"elementor-field-label\">\n\t\t\t\t\t\t\t\tNumero persone\t\t\t\t\t\t\t<\/label>\n\t\t\t\t\t\t\t\t\t<input type=\"number\" name=\"form_fields[field_c4e9840]\" id=\"form-field-field_c4e9840\" class=\"elementor-field elementor-size-sm  elementor-field-textual\" placeholder=\"Numero persone\" required=\"required\" min=\"\" max=\"\" >\n\t\t\t\t\t\t<\/div>\n\t\t\t\t\t\t\t\t<div class=\"elementor-field-type-time elementor-field-group elementor-column elementor-field-group-field_e28b983 elementor-col-50 elementor-field-required\">\n\t\t\t\t\t\t\t\t\t\t\t\t<label for=\"form-field-field_e28b983\" class=\"elementor-field-label\">\n\t\t\t\t\t\t\t\tOrario di arrivo\t\t\t\t\t\t\t<\/label>\n\t\t\t\t\t\t\t\t<input type=\"time\" name=\"form_fields[field_e28b983]\" id=\"form-field-field_e28b983\" class=\"elementor-field elementor-size-sm  elementor-field-textual elementor-time-field\" placeholder=\"Orario \" required=\"required\">\n\t\t\t\t\t\t<\/div>\n\t\t\t\t\t\t\t\t<div class=\"elementor-field-type-date elementor-field-group elementor-column elementor-field-group-field_44c292c elementor-col-100 elementor-field-required\">\n\t\t\t\t\t\t\t\t\t\t\t\t<label for=\"form-field-field_44c292c\" class=\"elementor-field-label\">\n\t\t\t\t\t\t\t\tData\t\t\t\t\t\t\t<\/label>\n\t\t\t\t\t\t\n\t\t<input type=\"date\" name=\"form_fields[field_44c292c]\" id=\"form-field-field_44c292c\" class=\"elementor-field elementor-size-sm  elementor-field-textual elementor-date-field\" placeholder=\"Data\" required=\"required\" pattern=\"[0-9]{4}-[0-9]{2}-[0-9]{2}\">\n\t\t\t\t\t\t<\/div>\n\t\t\t\t\t\t\t\t<div class=\"elementor-field-type-text elementor-field-group elementor-column elementor-field-group-field_d914bb0 elementor-col-100\">\n\t\t\t\t\t\t\t\t\t\t\t\t<label for=\"form-field-field_d914bb0\" class=\"elementor-field-label\">\n\t\t\t\t\t\t\t\tNote\t\t\t\t\t\t\t<\/label>\n\t\t\t\t\t\t\t\t\t\t\t\t\t\t<input size=\"1\" type=\"text\" name=\"form_fields[field_d914bb0]\" id=\"form-field-field_d914bb0\" class=\"elementor-field elementor-size-sm  elementor-field-textual\" placeholder=\"Note\">\n\t\t\t\t\t\t\t\t\t\t\t<\/div>\n\t\t\t\t\t\t\t\t<div class=\"elementor-field-type-acceptance elementor-field-group elementor-column elementor-field-group-field_32ab36d elementor-col-100 elementor-field-required\">\n\t\t\t\t\t\t\t\t\t\t\t\t<label for=\"form-field-field_32ab36d\" class=\"elementor-field-label\">\n\t\t\t\t\t\t\t\t<a href=\"https:\/\/www.iubenda.com\/privacy-policy\/24109493\" class=\"iubenda-white no-brand iubenda-noiframe iubenda-embed iubenda-noiframe \" title=\"Privacy Policy \">Privacy Policy<\/a><script type=\"text\/javascript\">(function (w,d) {var loader = function () {var s = d.createElement(\"script\"), tag = d.getElementsByTagName(\"script\")[0]; s.src=\"https:\/\/cdn.iubenda.com\/iubenda.js\"; tag.parentNode.insertBefore(s,tag);}; if(w.addEventListener){w.addEventListener(\"load\", loader, false);}else if(w.attachEvent){w.attachEvent(\"onload\", loader);}else{w.onload = loader;}})(window, document);<\/script>\t\t\t\t\t\t\t<\/label>\n\t\t\t\t\t\t\t\t<div class=\"elementor-field-subgroup\">\n\t\t\t<span class=\"elementor-field-option\">\n\t\t\t\t<input type=\"checkbox\" name=\"form_fields[field_32ab36d]\" id=\"form-field-field_32ab36d\" class=\"elementor-field elementor-size-sm  elementor-acceptance-field\" required=\"required\">\n\t\t\t\t<label for=\"form-field-field_32ab36d\">(* obbligatorio) Presa Visione e Autorizzazione al trattamento dei dati per i fini indicati nella suddetta informativa (qualora essi non rientrino nel campo di applicazione dell\u2019Art. 7 comma 1 lettere dalla b) alla f) del Regolamento Europeo 679\/2016 e dal D.Lgs. 196\/2003 cos\u00ec come integrato dal D.Lgs 101\/18);<\/label>\t\t\t<\/span>\n\t\t<\/div>\n\t\t\t\t\t\t<\/div>\n\t\t\t\t\t\t\t\t<div class=\"elementor-field-group elementor-column elementor-field-type-submit elementor-col-100 e-form__buttons\">\n\t\t\t\t\t<button class=\"elementor-button elementor-size-sm\" type=\"submit\">\n\t\t\t\t\t\t<span class=\"elementor-button-content-wrapper\">\n\t\t\t\t\t\t\t\t\t\t\t\t\t\t\t<span class=\"elementor-button-icon\">\n\t\t\t\t\t\t\t\t\t<svg aria-hidden=\"true\" class=\"e-font-icon-svg e-fas-angle-right\" viewBox=\"0 0 256 512\" xmlns=\"http:\/\/www.w3.org\/2000\/svg\"><path d=\"M224.3 273l-136 136c-9.4 9.4-24.6 9.4-33.9 0l-22.6-22.6c-9.4-9.4-9.4-24.6 0-33.9l96.4-96.4-96.4-96.4c-9.4-9.4-9.4-24.6 0-33.9L54.3 103c9.4-9.4 24.6-9.4 33.9 0l136 136c9.5 9.4 9.5 24.6.1 34z\"><\/path><\/svg>\t\t\t\t\t\t\t\t\t\t\t\t\t\t\t\t\t<\/span>\n\t\t\t\t\t\t\t\t\t\t\t\t\t\t\t\t\t\t\t\t\t\t<span class=\"elementor-button-text\">invia<\/span>\n\t\t\t\t\t\t\t\t\t\t\t\t\t<\/span>\n\t\t\t\t\t<\/button>\n\t\t\t\t<\/div>\n\t\t\t<\/div>\n\t\t<\/form>\n\t\t\t\t\t\t<\/div>\n\t\t\t\t<\/div>\n\t\t\t\t<\/div>\n\t\t\t\t<\/div>\n\t\t\t\t<\/div>\n\t\t","protected":false},"excerpt":{"rendered":"<p>Una storia che inizia 40 anni fa ristorante papillon Il locale nel cuore di salo&#8217; Situato nell&#8217;incantevole cornice di un palazzo settecentesco nel cuore di Sal\u00f2, questo ristorante \u00e8 una meta imperdibile per gli amanti della buona cucina e della bellezza. A due passi dal centro storico e dalle principali attrazioni turistiche, il nostro ristorante [&hellip;]<\/p>\n","protected":false},"author":2,"featured_media":0,"parent":0,"menu_order":0,"comment_status":"closed","ping_status":"closed","template":"elementor_header_footer","meta":{"footnotes":""},"class_list":["post-69","page","type-page","status-publish","hentry"],"_links":{"self":[{"href":"https:\/\/www.ristorantepapillon.it\/en\/wp-json\/wp\/v2\/pages\/69","targetHints":{"allow":["GET"]}}],"collection":[{"href":"https:\/\/www.ristorantepapillon.it\/en\/wp-json\/wp\/v2\/pages"}],"about":[{"href":"https:\/\/www.ristorantepapillon.it\/en\/wp-json\/wp\/v2\/types\/page"}],"author":[{"embeddable":true,"href":"https:\/\/www.ristorantepapillon.it\/en\/wp-json\/wp\/v2\/users\/2"}],"replies":[{"embeddable":true,"href":"https:\/\/www.ristorantepapillon.it\/en\/wp-json\/wp\/v2\/comments?post=69"}],"version-history":[{"count":0,"href":"https:\/\/www.ristorantepapillon.it\/en\/wp-json\/wp\/v2\/pages\/69\/revisions"}],"wp:attachment":[{"href":"https:\/\/www.ristorantepapillon.it\/en\/wp-json\/wp\/v2\/media?parent=69"}],"curies":[{"name":"wp","href":"https:\/\/api.w.org\/{rel}","templated":true}]}}