{"id":36,"date":"2023-06-26T16:55:31","date_gmt":"2023-06-26T16:55:31","guid":{"rendered":"https:\/\/www.ristorantesalo.it\/events\/"},"modified":"2023-07-02T14:29:11","modified_gmt":"2023-07-02T14:29:11","slug":"new","status":"publish","type":"page","link":"https:\/\/www.ristorantepapillon.it\/de\/new\/","title":{"rendered":"News"},"content":{"rendered":"<div data-elementor-type=\"wp-page\" data-elementor-id=\"36\" class=\"elementor elementor-36\" data-elementor-post-type=\"page\">\n\t\t\t\t<div class=\"elementor-element elementor-element-6b356cd e-flex e-con-boxed e-con e-parent\" data-id=\"6b356cd\" data-element_type=\"container\" data-e-type=\"container\">\n\t\t\t\t\t<div class=\"e-con-inner\">\n\t\t\t\t<div class=\"elementor-element elementor-element-43fa147 elementor-widget elementor-widget-heading\" data-id=\"43fa147\" data-element_type=\"widget\" data-e-type=\"widget\" data-widget_type=\"heading.default\">\n\t\t\t\t<div class=\"elementor-widget-container\">\n\t\t\t\t\t<h2 class=\"elementor-heading-title elementor-size-default\">gli eventi di sal\u00f2<\/h2>\t\t\t\t<\/div>\n\t\t\t\t<\/div>\n\t\t\t\t\t<\/div>\n\t\t\t\t<\/div>\n\t\t<div class=\"elementor-element elementor-element-06e4c73 e-flex e-con-boxed e-con e-parent\" data-id=\"06e4c73\" data-element_type=\"container\" data-e-type=\"container\">\n\t\t\t\t\t<div class=\"e-con-inner\">\n\t\t\t\t<div class=\"elementor-element elementor-element-2c276a0 elementor-grid-3 elementor-grid-tablet-2 elementor-grid-mobile-1 elementor-posts--thumbnail-top elementor-card-shadow-yes elementor-posts__hover-gradient elementor-widget elementor-widget-posts\" data-id=\"2c276a0\" data-element_type=\"widget\" data-e-type=\"widget\" data-settings=\"{&quot;cards_columns&quot;:&quot;3&quot;,&quot;cards_columns_tablet&quot;:&quot;2&quot;,&quot;cards_columns_mobile&quot;:&quot;1&quot;,&quot;cards_row_gap&quot;:{&quot;unit&quot;:&quot;px&quot;,&quot;size&quot;:35,&quot;sizes&quot;:[]},&quot;cards_row_gap_tablet&quot;:{&quot;unit&quot;:&quot;px&quot;,&quot;size&quot;:&quot;&quot;,&quot;sizes&quot;:[]},&quot;cards_row_gap_mobile&quot;:{&quot;unit&quot;:&quot;px&quot;,&quot;size&quot;:&quot;&quot;,&quot;sizes&quot;:[]}}\" data-widget_type=\"posts.cards\">\n\t\t\t\t<div class=\"elementor-widget-container\">\n\t\t\t\t\t\t\t<div class=\"elementor-posts-container elementor-posts elementor-posts--skin-cards elementor-grid\" role=\"list\">\n\t\t\t\t<article class=\"elementor-post elementor-grid-item post-855 post type-post status-publish format-standard has-post-thumbnail hentry category-uncategorized\" role=\"listitem\">\n\t\t\t<div class=\"elementor-post__card\">\n\t\t\t\t<a class=\"elementor-post__thumbnail__link\" href=\"https:\/\/www.ristorantepapillon.it\/de\/25-anni-insieme-a-voi-%e2%9d%a4%ef%b8%8f\/\" tabindex=\"-1\" ><div class=\"elementor-post__thumbnail\"><img fetchpriority=\"high\" decoding=\"async\" width=\"300\" height=\"169\" src=\"https:\/\/www.ristorantepapillon.it\/wp-content\/uploads\/2025\/12\/25\u00b0-papillon-2025-62-300x169.webp\" class=\"attachment-medium size-medium wp-image-856\" alt=\"\" srcset=\"https:\/\/www.ristorantepapillon.it\/wp-content\/uploads\/2025\/12\/25\u00b0-papillon-2025-62-300x169.webp 300w, https:\/\/www.ristorantepapillon.it\/wp-content\/uploads\/2025\/12\/25\u00b0-papillon-2025-62-1024x576.webp 1024w, https:\/\/www.ristorantepapillon.it\/wp-content\/uploads\/2025\/12\/25\u00b0-papillon-2025-62-768x432.webp 768w, https:\/\/www.ristorantepapillon.it\/wp-content\/uploads\/2025\/12\/25\u00b0-papillon-2025-62-1536x864.webp 1536w, https:\/\/www.ristorantepapillon.it\/wp-content\/uploads\/2025\/12\/25\u00b0-papillon-2025-62-2048x1152.webp 2048w, https:\/\/www.ristorantepapillon.it\/wp-content\/uploads\/2025\/12\/25\u00b0-papillon-2025-62-18x10.webp 18w\" sizes=\"(max-width: 300px) 100vw, 300px\" \/><\/div><\/a>\n\t\t\t\t<div class=\"elementor-post__badge\">Uncategorized<\/div>\n\t\t\t\t<div class=\"elementor-post__text\">\n\t\t\t\t<h3 class=\"elementor-post__title\">\n\t\t\t<a href=\"https:\/\/www.ristorantepapillon.it\/de\/25-anni-insieme-a-voi-%e2%9d%a4%ef%b8%8f\/\" >\n\t\t\t\t25 anni insieme a voi \u2764\ufe0f\t\t\t<\/a>\n\t\t<\/h3>\n\t\t\t\t<div class=\"elementor-post__excerpt\">\n\t\t\t<p>25 anni insieme a voi \u2764\ufe0f<br \/>\nGrazie a tutti coloro che ieri sera hanno festeggiato con noi questo traguardo cos\u00ec importante: ai fornitori che ci accompagnano ogni giorno, agli amici di Papillon, ai nostri clienti pi\u00f9 affezionati\u2026 e anche a chi non \u00e8 riuscito a esserci ma ci ha dedicato un pensiero speciale.<\/p>\n<p>Un grazie speciale va anche al nostro fantastico staff: senza di loro, nulla di tutto questo sarebbe possibile. La loro energia, dedizione e professionalit\u00e0 sono il cuore pulsante di Papillon.<\/p>\n<p>\u00c8 stata una serata straordinaria, fatta di partecipazione, sorrisi ed emozioni condivise. Un risultato che ci riempie il cuore e ci ricorda perch\u00e9, da 25 anni, facciamo questo lavoro con passione.<\/p>\n<p>Grazie davvero, di cuore. Il bello continua \u2728<\/p>\n\t\t<\/div>\n\t\t\n\t\t<a class=\"elementor-post__read-more\" href=\"https:\/\/www.ristorantepapillon.it\/de\/25-anni-insieme-a-voi-%e2%9d%a4%ef%b8%8f\/\" aria-label=\"Mehr \u00fcber 25 anni insieme a voi \u2764\ufe0f\" tabindex=\"-1\" >\n\t\t\tLeggi Tutto \u00bb\t\t<\/a>\n\n\t\t\t\t<\/div>\n\t\t\t\t<div class=\"elementor-post__meta-data\">\n\t\t\t\t\t<span class=\"elementor-post-date\">\n\t\t\tDezember 20, 2025\t\t<\/span>\n\t\t\t\t<\/div>\n\t\t\t\t\t<\/div>\n\t\t<\/article>\n\t\t\t\t<article class=\"elementor-post elementor-grid-item post-848 post type-post status-publish format-standard has-post-thumbnail hentry category-uncategorized\" role=\"listitem\">\n\t\t\t<div class=\"elementor-post__card\">\n\t\t\t\t<a class=\"elementor-post__thumbnail__link\" href=\"https:\/\/www.ristorantepapillon.it\/de\/capodanno-2026-salo\/\" tabindex=\"-1\" ><div class=\"elementor-post__thumbnail\"><img decoding=\"async\" width=\"300\" height=\"171\" src=\"https:\/\/www.ristorantepapillon.it\/wp-content\/uploads\/2025\/12\/capodanno-a-salo-2026-300x171.webp\" class=\"attachment-medium size-medium wp-image-850\" alt=\"\" srcset=\"https:\/\/www.ristorantepapillon.it\/wp-content\/uploads\/2025\/12\/capodanno-a-salo-2026-300x171.webp 300w, https:\/\/www.ristorantepapillon.it\/wp-content\/uploads\/2025\/12\/capodanno-a-salo-2026-1024x585.webp 1024w, https:\/\/www.ristorantepapillon.it\/wp-content\/uploads\/2025\/12\/capodanno-a-salo-2026-768x439.webp 768w, https:\/\/www.ristorantepapillon.it\/wp-content\/uploads\/2025\/12\/capodanno-a-salo-2026-18x10.webp 18w, https:\/\/www.ristorantepapillon.it\/wp-content\/uploads\/2025\/12\/capodanno-a-salo-2026.webp 1400w\" sizes=\"(max-width: 300px) 100vw, 300px\" \/><\/div><\/a>\n\t\t\t\t<div class=\"elementor-post__badge\">Uncategorized<\/div>\n\t\t\t\t<div class=\"elementor-post__text\">\n\t\t\t\t<h3 class=\"elementor-post__title\">\n\t\t\t<a href=\"https:\/\/www.ristorantepapillon.it\/de\/capodanno-2026-salo\/\" >\n\t\t\t\tCapodanno 2026 Sal\u00f2\t\t\t<\/a>\n\t\t<\/h3>\n\t\t\t\t<div class=\"elementor-post__excerpt\">\n\t\t\t<p>elegante e suggestivo sul Lungolago Zanardelli, con\u00a0fuochi d&#8217;artificio\u00a0spettacolari a mezzanotte e un&#8217;atmosfera di festa con musica, DJ set e animazioni, mentre hotel e ristoranti offrono\u00a0cene<\/p>\n\t\t<\/div>\n\t\t\n\t\t<a class=\"elementor-post__read-more\" href=\"https:\/\/www.ristorantepapillon.it\/de\/capodanno-2026-salo\/\" aria-label=\"Mehr \u00fcber Capodanno 2026 Sal\u00f2\" tabindex=\"-1\" >\n\t\t\tLeggi Tutto \u00bb\t\t<\/a>\n\n\t\t\t\t<\/div>\n\t\t\t\t<div class=\"elementor-post__meta-data\">\n\t\t\t\t\t<span class=\"elementor-post-date\">\n\t\t\tDezember 20, 2025\t\t<\/span>\n\t\t\t\t<\/div>\n\t\t\t\t\t<\/div>\n\t\t<\/article>\n\t\t\t\t<article class=\"elementor-post elementor-grid-item post-826 post type-post status-publish format-standard has-post-thumbnail hentry category-uncategorized\" role=\"listitem\">\n\t\t\t<div class=\"elementor-post__card\">\n\t\t\t\t<a class=\"elementor-post__thumbnail__link\" href=\"https:\/\/www.ristorantepapillon.it\/de\/presentazione-dei-libri-appesa-ad-un-filo-e-il-bosco-blu-sabato-15-marzo-ore-1700\/\" tabindex=\"-1\" ><div class=\"elementor-post__thumbnail\"><img decoding=\"async\" width=\"212\" height=\"300\" src=\"https:\/\/www.ristorantepapillon.it\/wp-content\/uploads\/2025\/03\/WhatsApp-Image-2025-09-23-at-14.21.56-1-212x300.jpeg\" class=\"attachment-medium size-medium wp-image-843\" alt=\"\" srcset=\"https:\/\/www.ristorantepapillon.it\/wp-content\/uploads\/2025\/03\/WhatsApp-Image-2025-09-23-at-14.21.56-1-212x300.jpeg 212w, https:\/\/www.ristorantepapillon.it\/wp-content\/uploads\/2025\/03\/WhatsApp-Image-2025-09-23-at-14.21.56-1-724x1024.jpeg 724w, https:\/\/www.ristorantepapillon.it\/wp-content\/uploads\/2025\/03\/WhatsApp-Image-2025-09-23-at-14.21.56-1-768x1086.jpeg 768w, https:\/\/www.ristorantepapillon.it\/wp-content\/uploads\/2025\/03\/WhatsApp-Image-2025-09-23-at-14.21.56-1-1086x1536.jpeg 1086w, https:\/\/www.ristorantepapillon.it\/wp-content\/uploads\/2025\/03\/WhatsApp-Image-2025-09-23-at-14.21.56-1-8x12.jpeg 8w, https:\/\/www.ristorantepapillon.it\/wp-content\/uploads\/2025\/03\/WhatsApp-Image-2025-09-23-at-14.21.56-1.jpeg 1131w\" sizes=\"(max-width: 212px) 100vw, 212px\" \/><\/div><\/a>\n\t\t\t\t<div class=\"elementor-post__badge\">Uncategorized<\/div>\n\t\t\t\t<div class=\"elementor-post__text\">\n\t\t\t\t<h3 class=\"elementor-post__title\">\n\t\t\t<a href=\"https:\/\/www.ristorantepapillon.it\/de\/presentazione-dei-libri-appesa-ad-un-filo-e-il-bosco-blu-sabato-15-marzo-ore-1700\/\" >\n\t\t\t\tSal\u00f2 cultura &#8211; programma eventi culturali settembre\/dicembre 2025\t\t\t<\/a>\n\t\t<\/h3>\n\t\t\t\t<div class=\"elementor-post__excerpt\">\n\t\t\t\t\t<\/div>\n\t\t\n\t\t<a class=\"elementor-post__read-more\" href=\"https:\/\/www.ristorantepapillon.it\/de\/presentazione-dei-libri-appesa-ad-un-filo-e-il-bosco-blu-sabato-15-marzo-ore-1700\/\" aria-label=\"Mehr \u00fcber Sal\u00f2 cultura &#8211; programma eventi culturali settembre\/dicembre 2025\" tabindex=\"-1\" >\n\t\t\tLeggi Tutto \u00bb\t\t<\/a>\n\n\t\t\t\t<\/div>\n\t\t\t\t<div class=\"elementor-post__meta-data\">\n\t\t\t\t\t<span class=\"elementor-post-date\">\n\t\t\tM\u00e4rz 11, 2025\t\t<\/span>\n\t\t\t\t<\/div>\n\t\t\t\t\t<\/div>\n\t\t<\/article>\n\t\t\t\t<article class=\"elementor-post elementor-grid-item post-823 post type-post status-publish format-standard has-post-thumbnail hentry category-uncategorized\" role=\"listitem\">\n\t\t\t<div class=\"elementor-post__card\">\n\t\t\t\t<a class=\"elementor-post__thumbnail__link\" href=\"https:\/\/www.ristorantepapillon.it\/de\/salo-creativa-domenica-16-marzo-dalle-900-alle-1900\/\" tabindex=\"-1\" ><div class=\"elementor-post__thumbnail\"><img loading=\"lazy\" decoding=\"async\" width=\"234\" height=\"300\" src=\"https:\/\/www.ristorantepapillon.it\/wp-content\/uploads\/2025\/03\/salocreativa-234x300.jpeg\" class=\"attachment-medium size-medium wp-image-824\" alt=\"\" srcset=\"https:\/\/www.ristorantepapillon.it\/wp-content\/uploads\/2025\/03\/salocreativa-234x300.jpeg 234w, https:\/\/www.ristorantepapillon.it\/wp-content\/uploads\/2025\/03\/salocreativa-799x1024.jpeg 799w, https:\/\/www.ristorantepapillon.it\/wp-content\/uploads\/2025\/03\/salocreativa-768x984.jpeg 768w, https:\/\/www.ristorantepapillon.it\/wp-content\/uploads\/2025\/03\/salocreativa-9x12.jpeg 9w, https:\/\/www.ristorantepapillon.it\/wp-content\/uploads\/2025\/03\/salocreativa.jpeg 1179w\" sizes=\"(max-width: 234px) 100vw, 234px\" \/><\/div><\/a>\n\t\t\t\t<div class=\"elementor-post__badge\">Uncategorized<\/div>\n\t\t\t\t<div class=\"elementor-post__text\">\n\t\t\t\t<h3 class=\"elementor-post__title\">\n\t\t\t<a href=\"https:\/\/www.ristorantepapillon.it\/de\/salo-creativa-domenica-16-marzo-dalle-900-alle-1900\/\" >\n\t\t\t\tSal\u00f2 Creativa domenica 16 marzo dalle 9:00 alle 19:00\t\t\t<\/a>\n\t\t<\/h3>\n\t\t\t\t<div class=\"elementor-post__excerpt\">\n\t\t\t\t\t<\/div>\n\t\t\n\t\t<a class=\"elementor-post__read-more\" href=\"https:\/\/www.ristorantepapillon.it\/de\/salo-creativa-domenica-16-marzo-dalle-900-alle-1900\/\" aria-label=\"Mehr \u00fcber Sal\u00f2 Creativa domenica 16 marzo dalle 9:00 alle 19:00\" tabindex=\"-1\" >\n\t\t\tLeggi Tutto \u00bb\t\t<\/a>\n\n\t\t\t\t<\/div>\n\t\t\t\t<div class=\"elementor-post__meta-data\">\n\t\t\t\t\t<span class=\"elementor-post-date\">\n\t\t\tM\u00e4rz 11, 2025\t\t<\/span>\n\t\t\t\t<\/div>\n\t\t\t\t\t<\/div>\n\t\t<\/article>\n\t\t\t\t<article class=\"elementor-post elementor-grid-item post-819 post type-post status-publish format-standard has-post-thumbnail hentry category-uncategorized\" role=\"listitem\">\n\t\t\t<div class=\"elementor-post__card\">\n\t\t\t\t<a class=\"elementor-post__thumbnail__link\" href=\"https:\/\/www.ristorantepapillon.it\/de\/tracce-della-storica-salo-8-marzo\/\" tabindex=\"-1\" ><div class=\"elementor-post__thumbnail\"><img loading=\"lazy\" decoding=\"async\" width=\"300\" height=\"300\" src=\"https:\/\/www.ristorantepapillon.it\/wp-content\/uploads\/2025\/02\/WhatsApp-Image-2025-02-16-at-18.46.35-300x300.jpeg\" class=\"attachment-medium size-medium wp-image-820\" alt=\"\" srcset=\"https:\/\/www.ristorantepapillon.it\/wp-content\/uploads\/2025\/02\/WhatsApp-Image-2025-02-16-at-18.46.35-300x300.jpeg 300w, https:\/\/www.ristorantepapillon.it\/wp-content\/uploads\/2025\/02\/WhatsApp-Image-2025-02-16-at-18.46.35-1024x1024.jpeg 1024w, https:\/\/www.ristorantepapillon.it\/wp-content\/uploads\/2025\/02\/WhatsApp-Image-2025-02-16-at-18.46.35-150x150.jpeg 150w, https:\/\/www.ristorantepapillon.it\/wp-content\/uploads\/2025\/02\/WhatsApp-Image-2025-02-16-at-18.46.35-768x768.jpeg 768w, https:\/\/www.ristorantepapillon.it\/wp-content\/uploads\/2025\/02\/WhatsApp-Image-2025-02-16-at-18.46.35-12x12.jpeg 12w, https:\/\/www.ristorantepapillon.it\/wp-content\/uploads\/2025\/02\/WhatsApp-Image-2025-02-16-at-18.46.35.jpeg 1440w\" sizes=\"(max-width: 300px) 100vw, 300px\" \/><\/div><\/a>\n\t\t\t\t<div class=\"elementor-post__badge\">Uncategorized<\/div>\n\t\t\t\t<div class=\"elementor-post__text\">\n\t\t\t\t<h3 class=\"elementor-post__title\">\n\t\t\t<a href=\"https:\/\/www.ristorantepapillon.it\/de\/tracce-della-storica-salo-8-marzo\/\" >\n\t\t\t\tTracce della storica Sal\u00f2 &#8211; 8 marzo\t\t\t<\/a>\n\t\t<\/h3>\n\t\t\t\t<div class=\"elementor-post__excerpt\">\n\t\t\t\t\t<\/div>\n\t\t\n\t\t<a class=\"elementor-post__read-more\" href=\"https:\/\/www.ristorantepapillon.it\/de\/tracce-della-storica-salo-8-marzo\/\" aria-label=\"Mehr \u00fcber Tracce della storica Sal\u00f2 &#8211; 8 marzo\" tabindex=\"-1\" >\n\t\t\tLeggi Tutto \u00bb\t\t<\/a>\n\n\t\t\t\t<\/div>\n\t\t\t\t<div class=\"elementor-post__meta-data\">\n\t\t\t\t\t<span class=\"elementor-post-date\">\n\t\t\tFebruar 19, 2025\t\t<\/span>\n\t\t\t\t<\/div>\n\t\t\t\t\t<\/div>\n\t\t<\/article>\n\t\t\t\t<article class=\"elementor-post elementor-grid-item post-812 post type-post status-publish format-standard has-post-thumbnail hentry category-uncategorized\" role=\"listitem\">\n\t\t\t<div class=\"elementor-post__card\">\n\t\t\t\t<a class=\"elementor-post__thumbnail__link\" href=\"https:\/\/www.ristorantepapillon.it\/de\/carnevale-a-salo\/\" tabindex=\"-1\" ><div class=\"elementor-post__thumbnail\"><img loading=\"lazy\" decoding=\"async\" width=\"214\" height=\"300\" src=\"https:\/\/www.ristorantepapillon.it\/wp-content\/uploads\/2025\/02\/WhatsApp-Image-2025-02-16-at-18.13.54-214x300.jpeg\" class=\"attachment-medium size-medium wp-image-813\" alt=\"\" srcset=\"https:\/\/www.ristorantepapillon.it\/wp-content\/uploads\/2025\/02\/WhatsApp-Image-2025-02-16-at-18.13.54-214x300.jpeg 214w, https:\/\/www.ristorantepapillon.it\/wp-content\/uploads\/2025\/02\/WhatsApp-Image-2025-02-16-at-18.13.54-730x1024.jpeg 730w, https:\/\/www.ristorantepapillon.it\/wp-content\/uploads\/2025\/02\/WhatsApp-Image-2025-02-16-at-18.13.54-768x1078.jpeg 768w, https:\/\/www.ristorantepapillon.it\/wp-content\/uploads\/2025\/02\/WhatsApp-Image-2025-02-16-at-18.13.54-1094x1536.jpeg 1094w, https:\/\/www.ristorantepapillon.it\/wp-content\/uploads\/2025\/02\/WhatsApp-Image-2025-02-16-at-18.13.54-9x12.jpeg 9w, https:\/\/www.ristorantepapillon.it\/wp-content\/uploads\/2025\/02\/WhatsApp-Image-2025-02-16-at-18.13.54.jpeg 1140w\" sizes=\"(max-width: 214px) 100vw, 214px\" \/><\/div><\/a>\n\t\t\t\t<div class=\"elementor-post__badge\">Uncategorized<\/div>\n\t\t\t\t<div class=\"elementor-post__text\">\n\t\t\t\t<h3 class=\"elementor-post__title\">\n\t\t\t<a href=\"https:\/\/www.ristorantepapillon.it\/de\/carnevale-a-salo\/\" >\n\t\t\t\tCarnevale a Sal\u00f2 &#8211; Domenica 2 marzo e marted\u00ec 4 marzo\t\t\t<\/a>\n\t\t<\/h3>\n\t\t\t\t<div class=\"elementor-post__excerpt\">\n\t\t\t\t\t<\/div>\n\t\t\n\t\t<a class=\"elementor-post__read-more\" href=\"https:\/\/www.ristorantepapillon.it\/de\/carnevale-a-salo\/\" aria-label=\"Mehr \u00fcber Carnevale a Sal\u00f2 &#8211; Domenica 2 marzo e marted\u00ec 4 marzo\" tabindex=\"-1\" >\n\t\t\tLeggi Tutto \u00bb\t\t<\/a>\n\n\t\t\t\t<\/div>\n\t\t\t\t<div class=\"elementor-post__meta-data\">\n\t\t\t\t\t<span class=\"elementor-post-date\">\n\t\t\tFebruar 19, 2025\t\t<\/span>\n\t\t\t\t<\/div>\n\t\t\t\t\t<\/div>\n\t\t<\/article>\n\t\t\t\t<\/div>\n\t\t\n\t\t\t\t\t\t<\/div>\n\t\t\t\t<\/div>\n\t\t\t\t\t<\/div>\n\t\t\t\t<\/div>\n\t\t\t\t<\/div>","protected":false},"excerpt":{"rendered":"<p>gli eventi di sal\u00f2<\/p>","protected":false},"author":2,"featured_media":0,"parent":0,"menu_order":0,"comment_status":"closed","ping_status":"closed","template":"elementor_header_footer","meta":{"site-sidebar-layout":"no-sidebar","site-content-layout":"page-builder","ast-site-content-layout":"default","site-content-style":"default","site-sidebar-style":"default","ast-global-header-display":"","ast-banner-title-visibility":"","ast-main-header-display":"","ast-hfb-above-header-display":"","ast-hfb-below-header-display":"","ast-hfb-mobile-header-display":"","site-post-title":"disabled","ast-breadcrumbs-content":"","ast-featured-img":"disabled","footer-sml-layout":"","ast-disable-related-posts":"","theme-transparent-header-meta":"","adv-header-id-meta":"","stick-header-meta":"","header-above-stick-meta":"","header-main-stick-meta":"","header-below-stick-meta":"","astra-migrate-meta-layouts":"default","ast-page-background-enabled":"default","ast-page-background-meta":{"desktop":{"background-color":"var(--ast-global-color-4)","background-image":"","background-repeat":"repeat","background-position":"center center","background-size":"auto","background-attachment":"scroll","background-type":"","background-media":"","overlay-type":"","overlay-color":"","overlay-opacity":"","overlay-gradient":""},"tablet":{"background-color":"","background-image":"","background-repeat":"repeat","background-position":"center center","background-size":"auto","background-attachment":"scroll","background-type":"","background-media":"","overlay-type":"","overlay-color":"","overlay-opacity":"","overlay-gradient":""},"mobile":{"background-color":"","background-image":"","background-repeat":"repeat","background-position":"center center","background-size":"auto","background-attachment":"scroll","background-type":"","background-media":"","overlay-type":"","overlay-color":"","overlay-opacity":"","overlay-gradient":""}},"ast-content-background-meta":{"desktop":{"background-color":"var(--ast-global-color-5)","background-image":"","background-repeat":"repeat","background-position":"center center","background-size":"auto","background-attachment":"scroll","background-type":"","background-media":"","overlay-type":"","overlay-color":"","overlay-opacity":"","overlay-gradient":""},"tablet":{"background-color":"var(--ast-global-color-5)","background-image":"","background-repeat":"repeat","background-position":"center center","background-size":"auto","background-attachment":"scroll","background-type":"","background-media":"","overlay-type":"","overlay-color":"","overlay-opacity":"","overlay-gradient":""},"mobile":{"background-color":"var(--ast-global-color-5)","background-image":"","background-repeat":"repeat","background-position":"center center","background-size":"auto","background-attachment":"scroll","background-type":"","background-media":"","overlay-type":"","overlay-color":"","overlay-opacity":"","overlay-gradient":""}},"footnotes":""},"class_list":["post-36","page","type-page","status-publish","hentry"],"_links":{"self":[{"href":"https:\/\/www.ristorantepapillon.it\/de\/wp-json\/wp\/v2\/pages\/36","targetHints":{"allow":["GET"]}}],"collection":[{"href":"https:\/\/www.ristorantepapillon.it\/de\/wp-json\/wp\/v2\/pages"}],"about":[{"href":"https:\/\/www.ristorantepapillon.it\/de\/wp-json\/wp\/v2\/types\/page"}],"author":[{"embeddable":true,"href":"https:\/\/www.ristorantepapillon.it\/de\/wp-json\/wp\/v2\/users\/2"}],"replies":[{"embeddable":true,"href":"https:\/\/www.ristorantepapillon.it\/de\/wp-json\/wp\/v2\/comments?post=36"}],"version-history":[{"count":0,"href":"https:\/\/www.ristorantepapillon.it\/de\/wp-json\/wp\/v2\/pages\/36\/revisions"}],"wp:attachment":[{"href":"https:\/\/www.ristorantepapillon.it\/de\/wp-json\/wp\/v2\/media?parent=36"}],"curies":[{"name":"wp","href":"https:\/\/api.w.org\/{rel}","templated":true}]}}